{"id":14,"date":"2021-08-12T11:42:20","date_gmt":"2021-08-12T11:42:20","guid":{"rendered":"http:\/\/dmsone.com\/inicio\/"},"modified":"2021-08-12T11:42:20","modified_gmt":"2021-08-12T11:42:20","slug":"inicio","status":"publish","type":"page","link":"https:\/\/dmsone.com\/en\/inicio\/","title":{"rendered":"Inicio"},"content":{"rendered":"<div class=\"wp-block-group alignfull has-primary-background-color has-background mb-0\"><div class=\"wp-block-group__inner-container is-layout-flow wp-block-group-is-layout-flow\">\n<h2 class=\"has-text-align-center wp-block-heading\">\u00abNecesitaba ayuda para renovar el interior de mi Mercedes &#8211; \u00a1hicieron un trabajo fant\u00e1stico!\u00bb<\/h2>\n\n\n\n<p class=\"has-text-align-center\">Jill Smith, Aspen, Colorado<\/p>\n<\/div><\/div>\n\n\n\n<div class=\"wp-block-group alignfull has-primary-background-color has-background mt-0\"><div class=\"wp-block-group__inner-container is-layout-flow wp-block-group-is-layout-flow\">\n<h3 class=\"has-secondary-color has-text-align-center wp-block-heading\">La empresa<\/h3>\n\n\n\n<div style=\"height:20px\" aria-hidden=\"true\" class=\"wp-block-spacer\"><\/div>\n\n\n\n<figure class=\"wp-block-image alignwide size-full\"><img fetchpriority=\"high\" decoding=\"async\" width=\"1800\" height=\"1300\" src=\"http:\/\/dmsone.com\/wp-content\/uploads\/2021\/08\/image-1.jpg\" alt=\"Descripci\u00f3n de la imagen\" class=\"wp-image-4\" srcset=\"https:\/\/dmsone.com\/wp-content\/uploads\/2021\/08\/image-1.jpg 1800w, https:\/\/dmsone.com\/wp-content\/uploads\/2021\/08\/image-1-300x217.jpg 300w, https:\/\/dmsone.com\/wp-content\/uploads\/2021\/08\/image-1-1024x740.jpg 1024w, https:\/\/dmsone.com\/wp-content\/uploads\/2021\/08\/image-1-768x555.jpg 768w, https:\/\/dmsone.com\/wp-content\/uploads\/2021\/08\/image-1-1536x1109.jpg 1536w, https:\/\/dmsone.com\/wp-content\/uploads\/2021\/08\/image-1-1568x1132.jpg 1568w\" sizes=\"(max-width: 1800px) 100vw, 1800px\" \/><\/figure>\n\n\n\n<div class=\"wp-block-coblocks-services alignwide\" data-columns=\"2\">\n<div class=\"wp-block-coblocks-service\"><figure class=\"wp-block-coblocks-service__figure\"><img decoding=\"async\" src=\"http:\/\/dmsone.com\/wp-content\/uploads\/2021\/08\/image-9.jpg\" alt=\"Descripci\u00f3n de la imagen\"\/><\/figure><div class=\"wp-block-coblocks-service__content\">\n<h4 class=\"has-secondary-color wp-block-heading\">Personal experimentado<\/h4>\n\n\n\n<p class=\"has-text-color has-quaternary-color\">Nuestro personal tiene m\u00e1s de 30 a\u00f1os de experiencia en la industria de la est\u00e9tica automotriz. Trabajan incesantemente para proporcionar los servicios de m\u00e1s alto nivel para nuestros clientes.<\/p>\n<\/div><\/div>\n\n\n\n<div class=\"wp-block-coblocks-service\"><figure class=\"wp-block-coblocks-service__figure\"><img decoding=\"async\" src=\"http:\/\/dmsone.com\/wp-content\/uploads\/2021\/08\/image-10.jpg\" alt=\"Descripci\u00f3n de la imagen\"\/><\/figure><div class=\"wp-block-coblocks-service__content\">\n<h4 class=\"has-secondary-color wp-block-heading\">Nuestra promesa<\/h4>\n\n\n\n<p class=\"has-text-color has-quaternary-color\">Nos hemos comprometido con proporcionar una experiencia no estresante para clientes nuevos y repetidos, donde te sientes un 100 % orgulloso del trabajo que hemos hecho.<\/p>\n<\/div><\/div>\n<\/div>\n<\/div><\/div>\n\n\n\n<h3 class=\"has-text-align-center wp-block-heading\">Instagram:@garage<\/h3>\n\r\n\r\n\r\n<div class=\"wp-block-coblocks-gallery-masonry alignwide\"><div class=\"coblocks-gallery has-caption-style-dark has-gutter\">\r\n<ul class=\"has-grid-lrg has-gutter-15 has-gutter-mobile-15\">\r\n\t<li class=\"coblocks-gallery--item\"><figure class=\"coblocks-gallery--figure\"><img decoding=\"async\" width=\"1531\" height=\"1800\" src=\"http:\/\/dmsone.com\/wp-content\/uploads\/2021\/08\/image-2.jpg\" alt=\"Descripci\u00f3n de la imagen\" data-id=\"5\" data-link=\"http:\/\/dmsone.com\/image-2\/\" class=\"wp-image-5\" srcset=\"https:\/\/dmsone.com\/wp-content\/uploads\/2021\/08\/image-2.jpg 1531w, https:\/\/dmsone.com\/wp-content\/uploads\/2021\/08\/image-2-255x300.jpg 255w, https:\/\/dmsone.com\/wp-content\/uploads\/2021\/08\/image-2-871x1024.jpg 871w, https:\/\/dmsone.com\/wp-content\/uploads\/2021\/08\/image-2-768x903.jpg 768w, https:\/\/dmsone.com\/wp-content\/uploads\/2021\/08\/image-2-1306x1536.jpg 1306w\" sizes=\"(max-width: 1531px) 100vw, 1531px\" \/><\/figure><\/li>\r\n\t<li class=\"coblocks-gallery--item\"><figure class=\"coblocks-gallery--figure\"><img decoding=\"async\" width=\"1800\" height=\"1350\" src=\"http:\/\/dmsone.com\/wp-content\/uploads\/2021\/08\/image-3.jpg\" alt=\"Descripci\u00f3n de la imagen\" data-id=\"6\" data-link=\"http:\/\/dmsone.com\/image-3\/\" class=\"wp-image-6\" srcset=\"https:\/\/dmsone.com\/wp-content\/uploads\/2021\/08\/image-3.jpg 1800w, https:\/\/dmsone.com\/wp-content\/uploads\/2021\/08\/image-3-300x225.jpg 300w, https:\/\/dmsone.com\/wp-content\/uploads\/2021\/08\/image-3-1024x768.jpg 1024w, https:\/\/dmsone.com\/wp-content\/uploads\/2021\/08\/image-3-768x576.jpg 768w, https:\/\/dmsone.com\/wp-content\/uploads\/2021\/08\/image-3-1536x1152.jpg 1536w, https:\/\/dmsone.com\/wp-content\/uploads\/2021\/08\/image-3-1568x1176.jpg 1568w\" sizes=\"(max-width: 1800px) 100vw, 1800px\" \/><\/figure><\/li>\r\n\t<li class=\"coblocks-gallery--item\"><figure class=\"coblocks-gallery--figure\"><img loading=\"lazy\" decoding=\"async\" width=\"1531\" height=\"1800\" src=\"http:\/\/dmsone.com\/wp-content\/uploads\/2021\/08\/image-4.jpg\" alt=\"Descripci\u00f3n de la imagen\" data-id=\"7\" data-link=\"http:\/\/dmsone.com\/image-4\/\" class=\"wp-image-7\" srcset=\"https:\/\/dmsone.com\/wp-content\/uploads\/2021\/08\/image-4.jpg 1531w, https:\/\/dmsone.com\/wp-content\/uploads\/2021\/08\/image-4-255x300.jpg 255w, https:\/\/dmsone.com\/wp-content\/uploads\/2021\/08\/image-4-871x1024.jpg 871w, https:\/\/dmsone.com\/wp-content\/uploads\/2021\/08\/image-4-768x903.jpg 768w, https:\/\/dmsone.com\/wp-content\/uploads\/2021\/08\/image-4-1306x1536.jpg 1306w\" sizes=\"(max-width: 1531px) 100vw, 1531px\" \/><\/figure><\/li>\r\n\t<li class=\"coblocks-gallery--item\"><figure class=\"coblocks-gallery--figure\"><img loading=\"lazy\" decoding=\"async\" width=\"1531\" height=\"1800\" src=\"http:\/\/dmsone.com\/wp-content\/uploads\/2021\/08\/image-5.jpg\" alt=\"Descripci\u00f3n de la imagen\" data-id=\"8\" data-link=\"http:\/\/dmsone.com\/image-5\/\" class=\"wp-image-8\" srcset=\"https:\/\/dmsone.com\/wp-content\/uploads\/2021\/08\/image-5.jpg 1531w, https:\/\/dmsone.com\/wp-content\/uploads\/2021\/08\/image-5-255x300.jpg 255w, https:\/\/dmsone.com\/wp-content\/uploads\/2021\/08\/image-5-871x1024.jpg 871w, https:\/\/dmsone.com\/wp-content\/uploads\/2021\/08\/image-5-768x903.jpg 768w, https:\/\/dmsone.com\/wp-content\/uploads\/2021\/08\/image-5-1306x1536.jpg 1306w\" sizes=\"(max-width: 1531px) 100vw, 1531px\" \/><\/figure><\/li>\r\n\t<li class=\"coblocks-gallery--item\"><figure class=\"coblocks-gallery--figure\"><img loading=\"lazy\" decoding=\"async\" width=\"1531\" height=\"1800\" src=\"http:\/\/dmsone.com\/wp-content\/uploads\/2021\/08\/image-6.jpg\" alt=\"Descripci\u00f3n de la imagen\" data-id=\"9\" data-link=\"http:\/\/dmsone.com\/image-6\/\" class=\"wp-image-9\" srcset=\"https:\/\/dmsone.com\/wp-content\/uploads\/2021\/08\/image-6.jpg 1531w, https:\/\/dmsone.com\/wp-content\/uploads\/2021\/08\/image-6-255x300.jpg 255w, https:\/\/dmsone.com\/wp-content\/uploads\/2021\/08\/image-6-871x1024.jpg 871w, https:\/\/dmsone.com\/wp-content\/uploads\/2021\/08\/image-6-768x903.jpg 768w, https:\/\/dmsone.com\/wp-content\/uploads\/2021\/08\/image-6-1306x1536.jpg 1306w\" sizes=\"(max-width: 1531px) 100vw, 1531px\" \/><\/figure><\/li>\r\n\t<li class=\"coblocks-gallery--item\"><figure class=\"coblocks-gallery--figure\"><img loading=\"lazy\" decoding=\"async\" width=\"1531\" height=\"1800\" src=\"http:\/\/dmsone.com\/wp-content\/uploads\/2021\/08\/image-7.jpg\" alt=\"Descripci\u00f3n de la imagen\" data-id=\"10\" data-link=\"http:\/\/dmsone.com\/image-7\/\" class=\"wp-image-10\" srcset=\"https:\/\/dmsone.com\/wp-content\/uploads\/2021\/08\/image-7.jpg 1531w, https:\/\/dmsone.com\/wp-content\/uploads\/2021\/08\/image-7-255x300.jpg 255w, https:\/\/dmsone.com\/wp-content\/uploads\/2021\/08\/image-7-871x1024.jpg 871w, https:\/\/dmsone.com\/wp-content\/uploads\/2021\/08\/image-7-768x903.jpg 768w, https:\/\/dmsone.com\/wp-content\/uploads\/2021\/08\/image-7-1306x1536.jpg 1306w\" sizes=\"(max-width: 1531px) 100vw, 1531px\" \/><\/figure><\/li>\r\n\t<li class=\"coblocks-gallery--item\"><figure class=\"coblocks-gallery--figure\"><img loading=\"lazy\" decoding=\"async\" width=\"1531\" height=\"1800\" src=\"http:\/\/dmsone.com\/wp-content\/uploads\/2021\/08\/image-8.jpg\" alt=\"Descripci\u00f3n de la imagen\" data-id=\"11\" data-link=\"http:\/\/dmsone.com\/image-8\/\" class=\"wp-image-11\" srcset=\"https:\/\/dmsone.com\/wp-content\/uploads\/2021\/08\/image-8.jpg 1531w, https:\/\/dmsone.com\/wp-content\/uploads\/2021\/08\/image-8-255x300.jpg 255w, https:\/\/dmsone.com\/wp-content\/uploads\/2021\/08\/image-8-871x1024.jpg 871w, https:\/\/dmsone.com\/wp-content\/uploads\/2021\/08\/image-8-768x903.jpg 768w, https:\/\/dmsone.com\/wp-content\/uploads\/2021\/08\/image-8-1306x1536.jpg 1306w\" sizes=\"(max-width: 1531px) 100vw, 1531px\" \/><\/figure><\/li>\r\n<\/ul>\r\n<\/div><\/div>","protected":false},"excerpt":{"rendered":"<p>\u00abNecesitaba ayuda para renovar el interior de mi Mercedes &#8211; \u00a1hicieron un trabajo fant\u00e1stico!\u00bb Jill Smith, Aspen, Colorado La empresa Instagram:@garage<\/p>","protected":false},"author":1,"featured_media":0,"parent":0,"menu_order":0,"comment_status":"closed","ping_status":"closed","template":"","meta":{"_coblocks_attr":"","_coblocks_dimensions":"","_coblocks_responsive_height":"","_coblocks_accordion_ie_support":"","content-type":"","_uag_custom_page_level_css":"","site-sidebar-layout":"default","site-content-layout":"default","ast-global-header-display":"","ast-main-header-display":"","ast-hfb-above-header-display":"","ast-hfb-below-header-display":"","ast-hfb-mobile-header-display":"","site-post-title":"","ast-breadcrumbs-content":"","ast-featured-img":"","footer-sml-layout":"","theme-transparent-header-meta":"","adv-header-id-meta":"","stick-header-meta":"","header-above-stick-meta":"","header-main-stick-meta":"","header-below-stick-meta":"","footnotes":""},"uagb_featured_image_src":{"full":false,"thumbnail":false,"medium":false,"medium_large":false,"large":false,"1536x1536":false,"2048x2048":false,"trp-custom-language-flag":false},"uagb_author_info":{"display_name":"admin","author_link":"https:\/\/dmsone.com\/en\/author\/admin\/"},"uagb_comment_info":0,"uagb_excerpt":"\u00abNecesitaba ayuda para renovar el interior de mi Mercedes &#8211; \u00a1hicieron un trabajo fant\u00e1stico!\u00bb Jill Smith, Aspen, Colorado La empresa Instagram:@garage","_links":{"self":[{"href":"https:\/\/dmsone.com\/en\/wp-json\/wp\/v2\/pages\/14"}],"collection":[{"href":"https:\/\/dmsone.com\/en\/wp-json\/wp\/v2\/pages"}],"about":[{"href":"https:\/\/dmsone.com\/en\/wp-json\/wp\/v2\/types\/page"}],"author":[{"embeddable":true,"href":"https:\/\/dmsone.com\/en\/wp-json\/wp\/v2\/users\/1"}],"replies":[{"embeddable":true,"href":"https:\/\/dmsone.com\/en\/wp-json\/wp\/v2\/comments?post=14"}],"version-history":[{"count":1,"href":"https:\/\/dmsone.com\/en\/wp-json\/wp\/v2\/pages\/14\/revisions"}],"predecessor-version":[{"id":18,"href":"https:\/\/dmsone.com\/en\/wp-json\/wp\/v2\/pages\/14\/revisions\/18"}],"wp:attachment":[{"href":"https:\/\/dmsone.com\/en\/wp-json\/wp\/v2\/media?parent=14"}],"curies":[{"name":"wp","href":"https:\/\/api.w.org\/{rel}","templated":true}]}}